{"id":1677,"date":"2014-12-19T11:00:19","date_gmt":"2014-12-19T11:00:19","guid":{"rendered":"http:\/\/spuerhundeschule.de\/de\/produkt\/bettwanzenspuerhunde-zusatzstunde-individueller-einsatz-eines-mit-hundefuehrer-kopieren\/"},"modified":"2024-01-04T10:51:18","modified_gmt":"2024-01-04T09:51:18","slug":"diensthund-hundefuehrer-nachwuchs","status":"publish","type":"product","link":"https:\/\/spuerhundeschule.de\/de\/produkt\/diensthund-hundefuehrer-nachwuchs\/","title":{"rendered":"3 Monate alter X Herder R\u00fcde zum Verkauf"},"content":{"rendered":"<h1>3 Monate alter X Herder R\u00fcde zum Verkauf<\/h1>\n<h2>Verkauft!<\/h2>\n<p>Dieser s\u00fc\u00dfe R\u00fcde mit Namen BALU steht aus unserem Wurf zum Verkauf. Mutter und Vater beide Diensthunde der Bundespolizei. Er ist geimpft, entwurmt und gechipt. Spiel- und Beutrieb sowie Umweltverhalten werden t\u00e4glich gef\u00f6rdert. Bei interesse kann der Hund in 01796 Pirna besichtigt werden. Festpreis, Euro 780,00 inkl. MwSt.<\/p>\n<p>Stand: 01.02.2021<\/p>\n<p>Geb.: 06.09.2020<\/p>\n","protected":false},"excerpt":{"rendered":"<h2>3 Monate alter X Herder R\u00fcde zum Verkauf<\/h2>\n","protected":false},"featured_media":325657,"template":"","meta":{"_price":"","_stock":"","_tribe_ticket_header":"","_tribe_default_ticket_provider":"","_tribe_ticket_capacity":"0","_ticket_start_date":"","_ticket_end_date":"","_tribe_ticket_show_description":"","_tribe_ticket_show_not_going":false,"_tribe_ticket_use_global_stock":"","_tribe_ticket_global_stock_level":"","_global_stock_mode":"","_global_stock_cap":"","_tribe_rsvp_for_event":"","_tribe_ticket_going_count":"","_tribe_ticket_not_going_count":"","_tribe_tickets_list":"[]","_tribe_ticket_has_attendee_info_fields":false},"product_brand":[],"product_cat":[515,612],"product_tag":[],"class_list":{"0":"post-1677","1":"product","2":"type-product","3":"status-publish","4":"has-post-thumbnail","6":"product_cat-dienstleistungen","7":"product_cat-hundekauf","9":"first","10":"outofstock","11":"virtual","12":"taxable","13":"product-type-simple"},"_links":{"self":[{"href":"https:\/\/spuerhundeschule.de\/de\/wp-json\/wp\/v2\/product\/1677","targetHints":{"allow":["GET"]}}],"collection":[{"href":"https:\/\/spuerhundeschule.de\/de\/wp-json\/wp\/v2\/product"}],"about":[{"href":"https:\/\/spuerhundeschule.de\/de\/wp-json\/wp\/v2\/types\/product"}],"wp:featuredmedia":[{"embeddable":true,"href":"https:\/\/spuerhundeschule.de\/de\/wp-json\/wp\/v2\/media\/325657"}],"wp:attachment":[{"href":"https:\/\/spuerhundeschule.de\/de\/wp-json\/wp\/v2\/media?parent=1677"}],"wp:term":[{"taxonomy":"product_brand","embeddable":true,"href":"https:\/\/spuerhundeschule.de\/de\/wp-json\/wp\/v2\/product_brand?post=1677"},{"taxonomy":"product_cat","embeddable":true,"href":"https:\/\/spuerhundeschule.de\/de\/wp-json\/wp\/v2\/product_cat?post=1677"},{"taxonomy":"product_tag","embeddable":true,"href":"https:\/\/spuerhundeschule.de\/de\/wp-json\/wp\/v2\/product_tag?post=1677"}],"curies":[{"name":"wp","href":"https:\/\/api.w.org\/{rel}","templated":true}]}}