{"id":1671,"date":"2014-12-17T16:25:54","date_gmt":"2014-12-17T16:25:54","guid":{"rendered":"http:\/\/spuerhundeschule.de\/de\/?post_type=product&#038;p=1671"},"modified":"2024-12-30T09:26:45","modified_gmt":"2024-12-30T08:26:45","slug":"personenspuerhund-mantrailer-rettungshund","status":"publish","type":"product","link":"https:\/\/spuerhundeschule.de\/de\/produkt\/personenspuerhund-mantrailer-rettungshund\/","title":{"rendered":"Grundlagen Seminar Personen Sp\u00fcrhund Mantrailer"},"content":{"rendered":"<div class=\"chat__message__text\">\n<h2><strong>2-Tage Grundlagen Seminar f\u00fcr Personensp\u00fcrhunde (Mantrailer)<\/strong><\/h2>\n<p>Die <strong>K9 Detection Dog School Germany GmbH<\/strong> bietet aufgrund der steigenden Nachfrage nach spezialisierten Ausbildungen f\u00fcr Dienst- und Rettungshundteams Seminare an, die auf \u00fcber 27 Jahren Erfahrung in der Spezialhundeausbildung basieren. Wir vermitteln unser kynologisches Wissen, Einsatzstandards und Taktiken, um die Effektivit\u00e4t und Sicherheit von Hund-Mensch-Teams in herausfordernden Einsatzlagen zu erh\u00f6hen.<\/p>\n<p><strong>Seminarbeschreibung:<\/strong> Dieses Seminar richtet sich an Personensp\u00fcrhunde-Teams (Mantrailer) aus dem nationalen und internationalen Bereich. Innerhalb von zwei Tagen vermitteln wir grundlegendes Wissen und essentielle \u00dcbungsstrukturen, die f\u00fcr die erfolgreiche Arbeit mit Personensp\u00fcrhunden notwendig sind.<\/p>\n<p><strong>Inhalte des Seminars:<\/strong><\/p>\n<ul>\n<li>Einf\u00fchrung in die Grundlagen der Mantrailing-Arbeit<\/li>\n<li>Theoretische Aspekte der Nasenarbeit<\/li>\n<li>Praktische \u00dcbungen zur Festigung der Grundlagen<\/li>\n<li>Erarbeitung individueller \u00dcbungspl\u00e4ne f\u00fcr jedes Team<\/li>\n<li>Tipps zur Verhaltensbeobachtung und Motivation des Hundes<\/li>\n<li>Sicherheitsaspekte und rechtliche Rahmenbedingungen<\/li>\n<\/ul>\n<p><strong>Seminarstruktur:<\/strong><\/p>\n<ul>\n<li><strong>Dauer:<\/strong> 2 Tage (Wochenende)<\/li>\n<li><strong>Teilnehmerzahl:<\/strong> Maximal 6 Teams (Hund und Hundef\u00fchrer\/in)<\/li>\n<li><strong>Zielgruppe:<\/strong> Private und beh\u00f6rdliche Hundef\u00fchrer\/innen<\/li>\n<\/ul>\n<p>Durch die limitierte Teilnehmerzahl stellen wir sicher, dass jedes Team die individuelle Aufmerksamkeit erh\u00e4lt, die es ben\u00f6tigt, um die Inhalte optimal umzusetzen und das Beste aus dem Seminar herauszuholen.<\/p>\n<p><strong>Anmeldung und weitere Informationen:<\/strong> Bitte melden Sie sich fr\u00fchzeitig an, da die Pl\u00e4tze begrenzt sind. Weitere Informationen zu Terminen, Preisen und dem genauen Ablauf des Seminars erhalten Sie auf Anfrage.<\/p>\n<p>Wir freuen uns darauf, Sie und Ihr Team willkommen zu hei\u00dfen und gemeinsam an der Ausbildung Ihrer Personensp\u00fcrhunde zu arbeiten!<\/p>\n<\/div>\n<p><strong>Anreise Abreise:<\/strong> Ihr Anreisetag ist Freitag ab 15:00 Uhr im Hotel Elbparadies oder Hotel Heidekrug in Cotta. Bei sp\u00e4terer Anreise bitten wir Sie, unser B\u00fcro unter +49 (0) 3501 50 60 364 zu kontaktieren.<\/p>\n<p><strong>Unterbringung und Verpflegung:\u00a0<\/strong>Das hundefreundliche 3-Sterne Hotels Elbparadie und Heidekrug in Pirna und Cotta, mitten in der S\u00e4chsischen Schweiz gelegen, bietet gro\u00dfz\u00fcgige Doppelzimmer, in denen Hunde herzlich willkommen sind. Ein reichhaltiges Fr\u00fchst\u00fcck wird t\u00e4glich ab 07:00 Uhr serviert. Abendessen und Getr\u00e4nke sind nicht im Preis inbegriffen. F\u00fcr den Komfort der Hunde auf dem Zimmer wird eine mitgebrachte, aufstellbare Hundetransportbox empfohlen. W\u00e4hrend der Theorieeinheiten und Mahlzeiten k\u00f6nnen die Hunde auch im Auto verweilen.<\/p>\n<p><strong>Samstag:<\/strong><\/p>\n<ul>\n<li><strong>09:00 Uhr:<\/strong> Begr\u00fc\u00dfung und Einf\u00fchrung im Seminarraum, K\u00f6nigsteiner Stra\u00dfe 8a, 01796 Pirna\n<ul>\n<li>Dauer: ca. 1 Stunde<\/li>\n<li>Inhalte: Belehrungen zum Arbeitsschutz und Verhaltensregeln w\u00e4hrend des Workshops<\/li>\n<\/ul>\n<\/li>\n<li><strong>10:00 Uhr:<\/strong> Geschlossene Abfahrt zu den Ausbildungsobjekten der K9 Detection Dog School Germany GmbH (Fahrzeit ca. 10 Minuten)<\/li>\n<li><strong>12:00 Uhr &#8211; 13:00 Uhr:<\/strong> Mittagspause<\/li>\n<li><strong>13:00 Uhr &#8211; 16:00 Uhr:<\/strong> Fortsetzung der praktischen Ausbildung<\/li>\n<li><strong>16:00 Uhr:<\/strong> Geschlossene Abfahrt zum Hotel<\/li>\n<li><strong>Abendessen:<\/strong> Wahlweise buchbar (10,00 Euro), bitte bei der Anmeldung angeben<\/li>\n<\/ul>\n<p><strong>Sonntag:<\/strong><\/p>\n<ul>\n<li><strong>09:00 Uhr:<\/strong> Kurze Besprechung des Tagesablaufs im Seminarraum<\/li>\n<li><strong>10:00 Uhr:<\/strong> Gemeinsame Abfahrt zu den Trainingsobjekten der K9 Detection Dog School Germany GmbH<\/li>\n<li><strong>12:00 Uhr &#8211; 13:00 Uhr:<\/strong> Mittagspause<\/li>\n<li><strong>13:00 Uhr &#8211; 15:30 Uhr:<\/strong> Fortf\u00fchrung der praktischen Ausbildung in den \u00dcbungsobjekten<\/li>\n<li><strong>16:00 Uhr:<\/strong> Abschluss des Workshops im Seminarraum mit Auswertung und \u00dcberreichung der Teilnahmezertifikate<\/li>\n<\/ul>\n<p>Wir freuen uns auf Ihre Teilnahme und einen erfolgreichen Workshop!<\/p>\n<p><strong>Ausr\u00fcstung:<\/strong><\/p>\n<ul>\n<li>2 F\u00fchrleinen<\/li>\n<li>Maulkorb<\/li>\n<li>2 Halsb\u00e4nder (eventuell Brustgeschirr)<\/li>\n<li>Trailgeschirr<\/li>\n<li>Wassersch\u00fcssel<\/li>\n<li>Hundefutter<\/li>\n<li>Erste-Hilfe-Paket<\/li>\n<li>Impfausweis mit aktueller Tollwutimpfung<\/li>\n<li>Kopie der Haftpflichtversicherung<\/li>\n<li>Hundetransportbox<\/li>\n<li>Schreibutensilien f\u00fcr Notizen<\/li>\n<\/ul>\n<p><strong>Tierarzt: <\/strong>F\u00fcr Notf\u00e4lle w\u00e4hrend dem Workshop, steht f\u00fcr Ihre Vierbeiner eine Tierklinik unweit vom Hotel zur Verf\u00fcgung.<\/p>\n<p><strong>Workshop Geb\u00fchr:<\/strong><\/p>\n<ul>\n<li>2 \u00dcbernachtungen inklusive Fr\u00fchst\u00fcck<\/li>\n<li>Theoretische Unterlagen<\/li>\n<li>Das Abendessen kann separat dazugebucht werden.<\/li>\n<\/ul>\n<p><strong>Buchen und Registrieren:<\/strong> Buchen Sie Ihr Ticket jetzt! Registrieren Sie sich \u00fcber \u201eProdukt kaufen\u201c oder w\u00e4hlen Sie einen Termin im \u201eVeranstaltungskalender\u201c. Nach erfolgreicher Registrierung erhalten Sie eine Best\u00e4tigungs-E-Mail mit den Zahlungsdaten und einem Terminvorschlag. Die Zahlung ist sofort nach der Anmeldung f\u00e4llig. Die Teilnehmerzahl ist auf maximal 6 Personen begrenzt. Bei Fragen stehen wir Ihnen gerne telefonisch oder per E-Mail zur Verf\u00fcgung.<\/p>\n<p><strong>Gast-Instructors:<\/strong> Landespolizei<\/p>\n<p><strong>Anmeldung und Verf\u00fcgbarkeit<\/strong> Die Anmeldung zu diesem Produkt ist m\u00f6glich, solange der Artikel im Shop verf\u00fcgbar ist. Sobald der Artikel ausverkauft oder nicht mehr sichtbar ist, endet die Anmeldem\u00f6glichkeit.<\/p>\n<p><strong>Inhalte der Schulung:<\/strong> Unsere Schulung orientiert sich an hohen internationalen Qualit\u00e4tsstandards und umfasst folgende Schwerpunkte:<\/p>\n<ol>\n<li><strong>Theorieblock Einf\u00fchrung<\/strong>\n<ul>\n<li>Grundlagen und theoretische Aspekte der F\u00fchrtechniken.<\/li>\n<\/ul>\n<\/li>\n<li><strong>F\u00fchrtechniken<\/strong>\n<ul>\n<li>Vertiefung in verschiedene F\u00fchrtechniken und deren Anwendung.<\/li>\n<\/ul>\n<\/li>\n<li><strong>Praktisches Training<\/strong>\n<ul>\n<li>Praktische \u00dcbungen zur Vertiefung des Gelernten.<\/li>\n<\/ul>\n<\/li>\n<li><strong>\u00dcbungstrails<\/strong>\n<ul>\n<li>Gezielte Trails, um die erlernten F\u00fchrtechniken in der Praxis anzuwenden.<\/li>\n<\/ul>\n<\/li>\n<li><strong>Vermittlung von Basiswissen<\/strong>\n<ul>\n<li>Praktische \u00dcbungen zur Festigung des Basiswissens.<\/li>\n<\/ul>\n<\/li>\n<li><strong>Fehleranalyse im Team<\/strong>\n<ul>\n<li>Gemeinsames Aufzeigen und Besprechen von Fehlern zur Verbesserung der Teamleistung.<\/li>\n<\/ul>\n<\/li>\n<li><strong>Teamarbeit<\/strong>\n<ul>\n<li>F\u00f6rderung der Teamarbeit durch gemeinsame \u00dcbungen und Aktivit\u00e4ten.<\/li>\n<\/ul>\n<\/li>\n<li><strong>Anleitung zu effizienten \u00dcbungen<\/strong>\n<ul>\n<li>Strategien zur Durchf\u00fchrung effizienter und zielf\u00fchrender \u00dcbungen.<\/li>\n<\/ul>\n<\/li>\n<li><strong>Umwelteinfl\u00fcsse<\/strong>\n<ul>\n<li>Ber\u00fccksichtigung von Thermik und Witterung in der Praxis.<\/li>\n<\/ul>\n<\/li>\n<li><strong>Arbeiten mit Witterungsverh\u00e4ltnissen<\/strong>\n<ul>\n<li>Praktische Anwendung und Anpassung an unterschiedliche Witterungsverh\u00e4ltnisse.<\/li>\n<\/ul>\n<\/li>\n<li><strong>Erfahrungsaustausch<\/strong>\n<ul>\n<li>Raum f\u00fcr den Austausch von Erfahrungen und Best Practices unter den Teilnehmern.<\/li>\n<\/ul>\n<\/li>\n<\/ol>\n<p>&nbsp;<\/p>\n","protected":false},"excerpt":{"rendered":"<p>2-Tage Grundlagen Seminar f\u00fcr Personensp\u00fcrhunde (Mantrailer) Die K9 Detection Dog School Germany GmbH bietet aufgrund der steigenden Nachfrage nach spezialisierten Ausbildungen f\u00fcr Dienst- und Rettungshundteams Seminare an, die auf \u00fcber 27 Jahren Erfahrung in&#46;&#46;&#46;<\/p>\n","protected":false},"featured_media":2153,"template":"","meta":{"_price":"720","_stock":"","_tribe_ticket_header":"","_tribe_default_ticket_provider":"","_ticket_start_date":"","_ticket_end_date":"","_tribe_ticket_show_description":"","_tribe_ticket_show_not_going":false,"_tribe_ticket_use_global_stock":"","_tribe_ticket_global_stock_level":"","_global_stock_mode":"","_global_stock_cap":"","_tribe_rsvp_for_event":"","_tribe_ticket_going_count":"","_tribe_ticket_not_going_count":"","_tribe_tickets_list":"[]","_tribe_ticket_has_attendee_info_fields":false},"product_brand":[],"product_cat":[535,517],"product_tag":[634,547,740,741,742,657,738,545,633,655,734,607,558,555,739,659,660,658,656,518],"class_list":{"0":"post-1671","1":"product","2":"type-product","3":"status-publish","4":"has-post-thumbnail","6":"product_cat-ticket","7":"product_cat-workshops-seminare-hundeausbildung","8":"product_tag-diensthundeausbildung","9":"product_tag-diensthundefuehrer","10":"product_tag-differenzierung","11":"product_tag-geruchstraeger","12":"product_tag-induvidualgeruch","13":"product_tag-mantrailer","14":"product_tag-personenspuerhund","15":"product_tag-polizei","16":"product_tag-polizeihund","17":"product_tag-rettungshunde","18":"product_tag-seminar","19":"product_tag-spuerhund","20":"product_tag-spuerhunde","21":"product_tag-suchhunde","22":"product_tag-trail","23":"product_tag-truemmerausbildung","24":"product_tag-truemmerhunde","25":"product_tag-vermisste-personen","26":"product_tag-vermisstenspuerhunde","27":"product_tag-workshops","29":"first","30":"instock","31":"virtual","32":"taxable","33":"purchasable","34":"product-type-simple"},"_links":{"self":[{"href":"https:\/\/spuerhundeschule.de\/de\/wp-json\/wp\/v2\/product\/1671","targetHints":{"allow":["GET"]}}],"collection":[{"href":"https:\/\/spuerhundeschule.de\/de\/wp-json\/wp\/v2\/product"}],"about":[{"href":"https:\/\/spuerhundeschule.de\/de\/wp-json\/wp\/v2\/types\/product"}],"wp:featuredmedia":[{"embeddable":true,"href":"https:\/\/spuerhundeschule.de\/de\/wp-json\/wp\/v2\/media\/2153"}],"wp:attachment":[{"href":"https:\/\/spuerhundeschule.de\/de\/wp-json\/wp\/v2\/media?parent=1671"}],"wp:term":[{"taxonomy":"product_brand","embeddable":true,"href":"https:\/\/spuerhundeschule.de\/de\/wp-json\/wp\/v2\/product_brand?post=1671"},{"taxonomy":"product_cat","embeddable":true,"href":"https:\/\/spuerhundeschule.de\/de\/wp-json\/wp\/v2\/product_cat?post=1671"},{"taxonomy":"product_tag","embeddable":true,"href":"https:\/\/spuerhundeschule.de\/de\/wp-json\/wp\/v2\/product_tag?post=1671"}],"curies":[{"name":"wp","href":"https:\/\/api.w.org\/{rel}","templated":true}]}}