{"id":794,"date":"2015-03-22T09:52:48","date_gmt":"2015-03-22T09:52:48","guid":{"rendered":"http:\/\/www.spuerhundeschule.de\/blog\/?page_id=794"},"modified":"2015-03-22T09:57:41","modified_gmt":"2015-03-22T09:57:41","slug":"hundeverkauf-aus-unserer-spuerhundezucht","status":"publish","type":"page","link":"https:\/\/spuerhundeschule.de\/blog\/hundeverkauf-aus-unserer-spuerhundezucht\/","title":{"rendered":"Hundeverkauf aus unserer Sp\u00fcrhundezucht"},"content":{"rendered":"<p>Wir bilden nicht nur Ihre Suchhunde und Sp\u00fcrhunde aus, sonder z\u00fcchten und bilden auch Sp\u00fcrhunde aus, die dann sobald diese die notwendigen Qualifikationen erworben haben, auch zum Verkauf angeboten werden. Bitte fragen Sie an, wenn Sie im Shop keine aktuellen passenden Angebote aus unserem <strong>Hundeverkauf<\/strong> finden sollten. Die Ausbildung eines guten Sp\u00fcrhundes f\u00e4ngt bei der Welpenerziehung an.<\/p>\n<p><a href=\"http:\/\/www.spuerhundeschule.de\/blog\/wp-content\/uploads\/2015\/03\/hundeverkauf.jpg\"><img loading=\"lazy\" decoding=\"async\" class=\"aligncenter size-medium wp-image-798\" src=\"http:\/\/www.spuerhundeschule.de\/blog\/wp-content\/uploads\/2015\/03\/hundeverkauf-175x300.jpg\" alt=\"Hundeverkauf\" width=\"175\" height=\"300\" srcset=\"https:\/\/spuerhundeschule.de\/blog\/wp-content\/uploads\/2015\/03\/hundeverkauf-175x300.jpg 175w, https:\/\/spuerhundeschule.de\/blog\/wp-content\/uploads\/2015\/03\/hundeverkauf-87x150.jpg 87w, https:\/\/spuerhundeschule.de\/blog\/wp-content\/uploads\/2015\/03\/hundeverkauf-29x50.jpg 29w, https:\/\/spuerhundeschule.de\/blog\/wp-content\/uploads\/2015\/03\/hundeverkauf.jpg 559w\" sizes=\"auto, (max-width: 175px) 100vw, 175px\" \/><\/a><\/p>\n ","protected":false},"excerpt":{"rendered":"<p>Wir bilden nicht nur Ihre Suchhunde und Sp\u00fcrhunde aus, sonder z\u00fcchten und bilden auch Sp\u00fcrhunde aus, die dann sobald diese die notwendigen Qualifikationen erworben haben, auch zum Verkauf angeboten werden. Bitte fragen Sie an,&#46;&#46;&#46;<\/p>\n","protected":false},"author":3,"featured_media":0,"parent":0,"menu_order":0,"comment_status":"open","ping_status":"open","template":"","meta":{"ngg_post_thumbnail":0,"footnotes":""},"class_list":["post-794","page","type-page","status-publish","hentry"],"yoast_head":"<!-- This site is optimized with the Yoast SEO plugin v26.9 - https:\/\/yoast.com\/product\/yoast-seo-wordpress\/ -->\n<title>Hundeverkauf aus unserer Sp\u00fcrhundezucht - Sp\u00fcrhundeschule Blog<\/title>\n<meta name=\"robots\" content=\"index, follow, max-snippet:-1, max-image-preview:large, max-video-preview:-1\" \/>\n<link rel=\"canonical\" href=\"https:\/\/spuerhundeschule.de\/blog\/hundeverkauf-aus-unserer-spuerhundezucht\/\" \/>\n<script type=\"application\/ld+json\" class=\"yoast-schema-graph\">{\"@context\":\"https:\/\/schema.org\",\"@graph\":[{\"@type\":\"WebPage\",\"@id\":\"https:\/\/spuerhundeschule.de\/blog\/hundeverkauf-aus-unserer-spuerhundezucht\/\",\"url\":\"https:\/\/spuerhundeschule.de\/blog\/hundeverkauf-aus-unserer-spuerhundezucht\/\",\"name\":\"Hundeverkauf aus unserer Sp\u00fcrhundezucht - Sp\u00fcrhundeschule Blog\",\"isPartOf\":{\"@id\":\"https:\/\/spuerhundeschule.de\/blog\/#website\"},\"primaryImageOfPage\":{\"@id\":\"https:\/\/spuerhundeschule.de\/blog\/hundeverkauf-aus-unserer-spuerhundezucht\/#primaryimage\"},\"image\":{\"@id\":\"https:\/\/spuerhundeschule.de\/blog\/hundeverkauf-aus-unserer-spuerhundezucht\/#primaryimage\"},\"thumbnailUrl\":\"http:\/\/www.spuerhundeschule.de\/blog\/wp-content\/uploads\/2015\/03\/hundeverkauf-175x300.jpg\",\"datePublished\":\"2015-03-22T09:52:48+00:00\",\"dateModified\":\"2015-03-22T09:57:41+00:00\",\"breadcrumb\":{\"@id\":\"https:\/\/spuerhundeschule.de\/blog\/hundeverkauf-aus-unserer-spuerhundezucht\/#breadcrumb\"},\"inLanguage\":\"de\",\"potentialAction\":[{\"@type\":\"ReadAction\",\"target\":[\"https:\/\/spuerhundeschule.de\/blog\/hundeverkauf-aus-unserer-spuerhundezucht\/\"]}]},{\"@type\":\"ImageObject\",\"inLanguage\":\"de\",\"@id\":\"https:\/\/spuerhundeschule.de\/blog\/hundeverkauf-aus-unserer-spuerhundezucht\/#primaryimage\",\"url\":\"http:\/\/www.spuerhundeschule.de\/blog\/wp-content\/uploads\/2015\/03\/hundeverkauf-175x300.jpg\",\"contentUrl\":\"http:\/\/www.spuerhundeschule.de\/blog\/wp-content\/uploads\/2015\/03\/hundeverkauf-175x300.jpg\"},{\"@type\":\"BreadcrumbList\",\"@id\":\"https:\/\/spuerhundeschule.de\/blog\/hundeverkauf-aus-unserer-spuerhundezucht\/#breadcrumb\",\"itemListElement\":[{\"@type\":\"ListItem\",\"position\":1,\"name\":\"Home\",\"item\":\"https:\/\/spuerhundeschule.de\/blog\/\"},{\"@type\":\"ListItem\",\"position\":2,\"name\":\"Hundeverkauf aus unserer Sp\u00fcrhundezucht\"}]},{\"@type\":\"WebSite\",\"@id\":\"https:\/\/spuerhundeschule.de\/blog\/#website\",\"url\":\"https:\/\/spuerhundeschule.de\/blog\/\",\"name\":\"Sp\u00fcrhundeschule Blog\",\"description\":\"\",\"publisher\":{\"@id\":\"https:\/\/spuerhundeschule.de\/blog\/#organization\"},\"potentialAction\":[{\"@type\":\"SearchAction\",\"target\":{\"@type\":\"EntryPoint\",\"urlTemplate\":\"https:\/\/spuerhundeschule.de\/blog\/?s={search_term_string}\"},\"query-input\":{\"@type\":\"PropertyValueSpecification\",\"valueRequired\":true,\"valueName\":\"search_term_string\"}}],\"inLanguage\":\"de\"},{\"@type\":\"Organization\",\"@id\":\"https:\/\/spuerhundeschule.de\/blog\/#organization\",\"name\":\"K9 Detection Dog School Germany GmbH\",\"url\":\"https:\/\/spuerhundeschule.de\/blog\/\",\"logo\":{\"@type\":\"ImageObject\",\"inLanguage\":\"de\",\"@id\":\"https:\/\/spuerhundeschule.de\/blog\/#\/schema\/logo\/image\/\",\"url\":\"https:\/\/spuerhundeschule.de\/blog\/wp-content\/uploads\/2021\/01\/logo-spuerhundeschule.jpg\",\"contentUrl\":\"https:\/\/spuerhundeschule.de\/blog\/wp-content\/uploads\/2021\/01\/logo-spuerhundeschule.jpg\",\"width\":148,\"height\":150,\"caption\":\"K9 Detection Dog School Germany GmbH\"},\"image\":{\"@id\":\"https:\/\/spuerhundeschule.de\/blog\/#\/schema\/logo\/image\/\"}}]}<\/script>\n<!-- \/ Yoast SEO plugin. -->","yoast_head_json":{"title":"Hundeverkauf aus unserer Sp\u00fcrhundezucht - Sp\u00fcrhundeschule Blog","robots":{"index":"index","follow":"follow","max-snippet":"max-snippet:-1","max-image-preview":"max-image-preview:large","max-video-preview":"max-video-preview:-1"},"canonical":"https:\/\/spuerhundeschule.de\/blog\/hundeverkauf-aus-unserer-spuerhundezucht\/","schema":{"@context":"https:\/\/schema.org","@graph":[{"@type":"WebPage","@id":"https:\/\/spuerhundeschule.de\/blog\/hundeverkauf-aus-unserer-spuerhundezucht\/","url":"https:\/\/spuerhundeschule.de\/blog\/hundeverkauf-aus-unserer-spuerhundezucht\/","name":"Hundeverkauf aus unserer Sp\u00fcrhundezucht - Sp\u00fcrhundeschule Blog","isPartOf":{"@id":"https:\/\/spuerhundeschule.de\/blog\/#website"},"primaryImageOfPage":{"@id":"https:\/\/spuerhundeschule.de\/blog\/hundeverkauf-aus-unserer-spuerhundezucht\/#primaryimage"},"image":{"@id":"https:\/\/spuerhundeschule.de\/blog\/hundeverkauf-aus-unserer-spuerhundezucht\/#primaryimage"},"thumbnailUrl":"http:\/\/www.spuerhundeschule.de\/blog\/wp-content\/uploads\/2015\/03\/hundeverkauf-175x300.jpg","datePublished":"2015-03-22T09:52:48+00:00","dateModified":"2015-03-22T09:57:41+00:00","breadcrumb":{"@id":"https:\/\/spuerhundeschule.de\/blog\/hundeverkauf-aus-unserer-spuerhundezucht\/#breadcrumb"},"inLanguage":"de","potentialAction":[{"@type":"ReadAction","target":["https:\/\/spuerhundeschule.de\/blog\/hundeverkauf-aus-unserer-spuerhundezucht\/"]}]},{"@type":"ImageObject","inLanguage":"de","@id":"https:\/\/spuerhundeschule.de\/blog\/hundeverkauf-aus-unserer-spuerhundezucht\/#primaryimage","url":"http:\/\/www.spuerhundeschule.de\/blog\/wp-content\/uploads\/2015\/03\/hundeverkauf-175x300.jpg","contentUrl":"http:\/\/www.spuerhundeschule.de\/blog\/wp-content\/uploads\/2015\/03\/hundeverkauf-175x300.jpg"},{"@type":"BreadcrumbList","@id":"https:\/\/spuerhundeschule.de\/blog\/hundeverkauf-aus-unserer-spuerhundezucht\/#breadcrumb","itemListElement":[{"@type":"ListItem","position":1,"name":"Home","item":"https:\/\/spuerhundeschule.de\/blog\/"},{"@type":"ListItem","position":2,"name":"Hundeverkauf aus unserer Sp\u00fcrhundezucht"}]},{"@type":"WebSite","@id":"https:\/\/spuerhundeschule.de\/blog\/#website","url":"https:\/\/spuerhundeschule.de\/blog\/","name":"Sp\u00fcrhundeschule Blog","description":"","publisher":{"@id":"https:\/\/spuerhundeschule.de\/blog\/#organization"},"potentialAction":[{"@type":"SearchAction","target":{"@type":"EntryPoint","urlTemplate":"https:\/\/spuerhundeschule.de\/blog\/?s={search_term_string}"},"query-input":{"@type":"PropertyValueSpecification","valueRequired":true,"valueName":"search_term_string"}}],"inLanguage":"de"},{"@type":"Organization","@id":"https:\/\/spuerhundeschule.de\/blog\/#organization","name":"K9 Detection Dog School Germany GmbH","url":"https:\/\/spuerhundeschule.de\/blog\/","logo":{"@type":"ImageObject","inLanguage":"de","@id":"https:\/\/spuerhundeschule.de\/blog\/#\/schema\/logo\/image\/","url":"https:\/\/spuerhundeschule.de\/blog\/wp-content\/uploads\/2021\/01\/logo-spuerhundeschule.jpg","contentUrl":"https:\/\/spuerhundeschule.de\/blog\/wp-content\/uploads\/2021\/01\/logo-spuerhundeschule.jpg","width":148,"height":150,"caption":"K9 Detection Dog School Germany GmbH"},"image":{"@id":"https:\/\/spuerhundeschule.de\/blog\/#\/schema\/logo\/image\/"}}]}},"_links":{"self":[{"href":"https:\/\/spuerhundeschule.de\/blog\/wp-json\/wp\/v2\/pages\/794","targetHints":{"allow":["GET"]}}],"collection":[{"href":"https:\/\/spuerhundeschule.de\/blog\/wp-json\/wp\/v2\/pages"}],"about":[{"href":"https:\/\/spuerhundeschule.de\/blog\/wp-json\/wp\/v2\/types\/page"}],"author":[{"embeddable":true,"href":"https:\/\/spuerhundeschule.de\/blog\/wp-json\/wp\/v2\/users\/3"}],"replies":[{"embeddable":true,"href":"https:\/\/spuerhundeschule.de\/blog\/wp-json\/wp\/v2\/comments?post=794"}],"version-history":[{"count":0,"href":"https:\/\/spuerhundeschule.de\/blog\/wp-json\/wp\/v2\/pages\/794\/revisions"}],"wp:attachment":[{"href":"https:\/\/spuerhundeschule.de\/blog\/wp-json\/wp\/v2\/media?parent=794"}],"curies":[{"name":"wp","href":"https:\/\/api.w.org\/{rel}","templated":true}]}}