{"id":674,"date":"2015-01-04T16:44:51","date_gmt":"2015-01-04T16:44:51","guid":{"rendered":"http:\/\/www.spuerhundeschule.de\/blog\/?page_id=674"},"modified":"2017-04-27T16:35:15","modified_gmt":"2017-04-27T16:35:15","slug":"hundeerziehung","status":"publish","type":"page","link":"https:\/\/spuerhundeschule.de\/blog\/hundeerziehung\/","title":{"rendered":"Hundeerziehung"},"content":{"rendered":"<h2>Zwischen Wunsch und Wirklichkeit der Hundeerziehung<\/h2>\n<p>wer schon einmal auf einem Seminar gewesen ist, bei dem es z.B. um die Erziehung und die Beziehung zum eigenen Hund ging,&nbsp; der wei\u00df einiges dar\u00fcber zu berichten. F\u00fcr manchen Hundebesitzer sind und die Seminare ein sehr frustrierende Erlebnis, meistens am Anfang der Hundeerziehung. Der eigene Hund wird quasi als Gro\u00dfbaustelle erkannt, die \u00e4hnlich dem Berliner Flughafen wahrscheinlich nie enden wird. Gro\u00dfe Niedergeschlagenheit kann sich breitmachen. Oft steht man hilflos dabei, wie der eigene Hund st\u00e4ndig versucht mit den Artgenossen anzubandeln, sein eigenes Ding durchzieht, oder immer nur jault, erkennt sehr schnell, so kann dies nicht weitergehen. F\u00fcr viele Hundebesitzer geht dies \u00fcber Jahre.<\/p>\n<p>Die Anschaffung eines Hundes ist immer ein Abenteuer f\u00fcr sich. Nicht nur ausreichend Platz und sch\u00f6ne Spazierg\u00e4nge, sondern die Hundeerziehung steht im Fokus. Das Ma\u00df aller Dinge und wer denkt mit ein paar Kommandos sei es getan, liegt falsch. Die Welt der Hunde ist eine eigene Wissenschaft f\u00fcr sich und wird von Seminaren, Hundetrainern und Hundeschulen begleitet. Je nach Rasse und Charakter, kann dies auch ein Leben lang bestehen. Ganz wichtig dabei ist die eigene Konsequenz.<\/p>\n<h2><strong>Frust und Lust<\/strong><\/h2>\n<p>Erfolg und Niederlage liegen in der Hundeerziehung nah beieinander. Vordergr\u00fcndig dabei sind unsere Anforderungen. Auch welches Idealbild wir verfolgen. Zudem sollten rassebegingt die F\u00e4higkeiten des Vierbeiners unterst\u00fctzt werden. Also kann man die Hundeerziehung nicht \u00fcber einen Kamm scheren. Trainieren bedeutet erlerntes wiederholen, auch wenn es zwischen Frust und Lust liegt. Gratwanderungen die Hund und Besitzer meistern m\u00fcssen. Die Idealvorstellung ist ein <a href=\"http:\/\/my-tier-ratgeber.de\/hund-bellt-wenn-er-alleine-ist\/\" target=\"_blank\" rel=\"noopener noreferrer\">gut erzogener Hund<\/a> mit dem Sitz, Platz Fu\u00df Modus.<\/p>\n<h2><strong>Methode hin oder her?<\/strong><\/h2>\n<p>Auch die Ethik kommt in der Hundeerziehung zur Sprache. Nicht jedes Tier kann mit der gleichen Methode erfolgreich trainiert werden. Ein sensibler Hund unterliegt anderen Herausforderungen, als ein robustes Kerlchen. So kann ein und dieselbe Methode, zwei verschiedene Verhaltensweisen hervorrufen.<\/p>\n<h2><strong>Hunde grenzenlos erziehen?<\/strong><\/h2>\n<p>Sicher nicht. Mensch wie Tier brauchen Strukturen und Grenzen. Was niemals eine Strafe bedeuten soll. Die Hundeerziehung sollte immer, mit Geduld, Liebe und Lob stattfinden. Die Konsequenz die dahinter steht, ist das Durchsetzungsverm\u00f6gen des Besitzers.<\/p>\n<h2><strong>Hund ist nicht gleich Hund<\/strong><\/h2>\n<p>Doch eine Chance in der Hundeerziehung. So kann mit den charakterbezogenen Eigenschaften das positive best\u00e4rkt und das negative abtrainiert werden. Viele Gebrauchshunde haben hier ihren gro\u00dfen Vorteil. H\u00fcten, Jagen, Besch\u00fctzen und Bewachen, kann somit in die richtigen Bahnen gelenkt werden.<\/p>\n<h2><strong>Die sanfte oder harte Hundeerziehung?<\/strong><\/h2>\n<p>Wie schon angesprochen, lernen Hunde durch Lob. Die harte Hand bedeutet Strafe die Angst und auch Aggression hervorrufen kann. Die Hundeerziehung von heute basiert auf Geduld. Was nicht bedeutet das Fehler und schlechter Gehorsam toleriert werden.<\/p>\n<h2><strong>Die Wege und Rolle des Hundes in der Erziehung<\/strong><\/h2>\n<p>Hunde sind so verschieden wie ihre Menschen. Die Rasse, der Charakter die Einfl\u00fcsse machen ihn zu dem was er ist. Ein Hund sollte daher in der Hundeerziehung gef\u00f6rdert und gefordert werden. Seine Leistung belohnt werden und Defizite korrigiert werden.<\/p>\n<h2><strong>Hundeerziehung und Gewalt<\/strong><\/h2>\n<p>Dem m\u00fcssen Grenzen gesetzt werden. Kein Mensch und Tier lernt unter Stress und Schmerzen. Ob Hunde f\u00fcr den privaten Gebrauch oder Arbeits- und Diensthunde, sie wollen dem Menschen gefallen. Gewalt in der Hundeerziehung ist somit ein gro\u00dfer Vertrauensbruch.<\/p>\n<h2><strong>Geht ein Hunde- oder Wolfsrudel gewaltfrei miteinander um?<\/strong><\/h2>\n<p>Jein. Was f\u00fcr uns Menschen manchmal oftmals brutal aussieht, unterliegt gewissen Regeln. Nur das Alphatier hat das sagen. Dabei werden die Rangniedrigeren unterworfen. Doch setzen Tiere ihre eigenen Waffen wie Krallen und Z\u00e4hne ein. So sind sie im Kampf immer noch gleichwertige Partner, wenn es um Leben und Tod gehen w\u00fcrde.<\/p>\n<h2><strong>Hilfsmittel bei der Hundeerziehung die Gewalt aus\u00fcben<\/strong><\/h2>\n<p>Schlagst\u00f6cke und elektronische Ferntrainer werden auch noch heute eingesetzt. Hier lernt der Hund bei einem Fehlverhalten, Schmerzen erleiden zu m\u00fcssen.<\/p>\n<h2><strong>Hundeerziehung zwischen Grenzen und Strafe<\/strong><\/h2>\n<p>Jede Hundeerziehung braucht ihre Grenzen. Die Strafe dabei sollte immer die letzte Konsequenz sein. Denn erziehen bedeutet f\u00fcrs Hundeleben lernen. Denn jeder Hund verkn\u00fcpft positive wie negative Eigenschaften damit.<\/p>\n<h2><strong>Fazit<\/strong><\/h2>\n<p>Die Hundeerziehung darf niemals den Willen des Tieres brechen. Ein Hund ist der Freund des Menschen und meist auch der, der in allen Lebenslagen zu ihm steht.<\/p>\n<p><!-- default-view.php -->\n<div\n\tclass=\"ngg-galleryoverview default-view\n\t ngg-ajax-pagination-none\t\"\n\tid=\"ngg-gallery-834f975826b9dd7493ade67652752835-1\">\n\n\t\t<!-- Thumbnails -->\n\t\t\t\t<div id=\"ngg-image-0\" class=\"ngg-gallery-thumbnail-box\n\t\t\t\t\t\t\t\tngg-3-columns\t\t\t\"\n\t\t\t>\n\t\t\t\t\t\t<div class=\"ngg-gallery-thumbnail\">\n\t\t\t<a href=\"https:\/\/spuerhundeschule.de\/blog\/wp-content\/gallery\/hundeerziehung\/hundeschule-duesseldorf.jpg\"\n\t\t\t\ttitle=\"\"\n\t\t\t\tdata-src=\"https:\/\/spuerhundeschule.de\/blog\/wp-content\/gallery\/hundeerziehung\/hundeschule-duesseldorf.jpg\"\n\t\t\t\tdata-thumbnail=\"https:\/\/spuerhundeschule.de\/blog\/wp-content\/gallery\/hundeerziehung\/thumbs\/thumbs_hundeschule-duesseldorf.jpg\"\n\t\t\t\tdata-image-id=\"3\"\n\t\t\t\tdata-title=\"hundeschule-duesseldorf\"\n\t\t\t\tdata-description=\"\"\n\t\t\t\tdata-image-slug=\"hundeschule-duesseldorf\"\n\t\t\t\tclass='thickbox' rel='834f975826b9dd7493ade67652752835'>\n\t\t\t\t<img\n\t\t\t\t\ttitle=\"hundeschule-duesseldorf\"\n\t\t\t\t\talt=\"hundeschule-duesseldorf\"\n\t\t\t\t\tsrc=\"https:\/\/spuerhundeschule.de\/blog\/wp-content\/gallery\/hundeerziehung\/thumbs\/thumbs_hundeschule-duesseldorf.jpg\"\n\t\t\t\t\twidth=\"120\"\n\t\t\t\t\theight=\"90\"\n\t\t\t\t\tstyle=\"max-width:100%;\"\n\t\t\t\t\/>\n\t\t\t<\/a>\n\t\t<\/div>\n\t\t\t\t\t\t\t<\/div>\n\t\t\t\n\t\t\t\t<div id=\"ngg-image-1\" class=\"ngg-gallery-thumbnail-box\n\t\t\t\t\t\t\t\tngg-3-columns\t\t\t\"\n\t\t\t>\n\t\t\t\t\t\t<div class=\"ngg-gallery-thumbnail\">\n\t\t\t<a href=\"https:\/\/spuerhundeschule.de\/blog\/wp-content\/gallery\/hundeerziehung\/999-21.JPG\"\n\t\t\t\ttitle=\" \"\n\t\t\t\tdata-src=\"https:\/\/spuerhundeschule.de\/blog\/wp-content\/gallery\/hundeerziehung\/999-21.JPG\"\n\t\t\t\tdata-thumbnail=\"https:\/\/spuerhundeschule.de\/blog\/wp-content\/gallery\/hundeerziehung\/thumbs\/thumbs_999-21.JPG\"\n\t\t\t\tdata-image-id=\"6\"\n\t\t\t\tdata-title=\"999 (21)\"\n\t\t\t\tdata-description=\" \"\n\t\t\t\tdata-image-slug=\"999-21\"\n\t\t\t\tclass='thickbox' rel='834f975826b9dd7493ade67652752835'>\n\t\t\t\t<img\n\t\t\t\t\ttitle=\"999 (21)\"\n\t\t\t\t\talt=\"999 (21)\"\n\t\t\t\t\tsrc=\"https:\/\/spuerhundeschule.de\/blog\/wp-content\/gallery\/hundeerziehung\/thumbs\/thumbs_999-21.JPG\"\n\t\t\t\t\twidth=\"120\"\n\t\t\t\t\theight=\"90\"\n\t\t\t\t\tstyle=\"max-width:100%;\"\n\t\t\t\t\/>\n\t\t\t<\/a>\n\t\t<\/div>\n\t\t\t\t\t\t\t<\/div>\n\t\t\t\n\t\t\t\t<div id=\"ngg-image-2\" class=\"ngg-gallery-thumbnail-box\n\t\t\t\t\t\t\t\tngg-3-columns\t\t\t\"\n\t\t\t>\n\t\t\t\t\t\t<div class=\"ngg-gallery-thumbnail\">\n\t\t\t<a href=\"https:\/\/spuerhundeschule.de\/blog\/wp-content\/gallery\/hundeerziehung\/diensthund_einsatz_k9_20100221_1997890524.jpg\"\n\t\t\t\ttitle=\" \"\n\t\t\t\tdata-src=\"https:\/\/spuerhundeschule.de\/blog\/wp-content\/gallery\/hundeerziehung\/diensthund_einsatz_k9_20100221_1997890524.jpg\"\n\t\t\t\tdata-thumbnail=\"https:\/\/spuerhundeschule.de\/blog\/wp-content\/gallery\/hundeerziehung\/thumbs\/thumbs_diensthund_einsatz_k9_20100221_1997890524.jpg\"\n\t\t\t\tdata-image-id=\"7\"\n\t\t\t\tdata-title=\"diensthund_einsatz_k9_20100221_1997890524\"\n\t\t\t\tdata-description=\" \"\n\t\t\t\tdata-image-slug=\"diensthund_einsatz_k9_20100221_1997890524\"\n\t\t\t\tclass='thickbox' rel='834f975826b9dd7493ade67652752835'>\n\t\t\t\t<img\n\t\t\t\t\ttitle=\"diensthund_einsatz_k9_20100221_1997890524\"\n\t\t\t\t\talt=\"diensthund_einsatz_k9_20100221_1997890524\"\n\t\t\t\t\tsrc=\"https:\/\/spuerhundeschule.de\/blog\/wp-content\/gallery\/hundeerziehung\/thumbs\/thumbs_diensthund_einsatz_k9_20100221_1997890524.jpg\"\n\t\t\t\t\twidth=\"120\"\n\t\t\t\t\theight=\"90\"\n\t\t\t\t\tstyle=\"max-width:100%;\"\n\t\t\t\t\/>\n\t\t\t<\/a>\n\t\t<\/div>\n\t\t\t\t\t\t\t<\/div>\n\t\t\t\n\t\t\t\t<div id=\"ngg-image-3\" class=\"ngg-gallery-thumbnail-box\n\t\t\t\t\t\t\t\tngg-3-columns\t\t\t\"\n\t\t\t>\n\t\t\t\t\t\t<div class=\"ngg-gallery-thumbnail\">\n\t\t\t<a href=\"https:\/\/spuerhundeschule.de\/blog\/wp-content\/gallery\/hundeerziehung\/haustieranzeiger-hund.jpg\"\n\t\t\t\ttitle=\" \"\n\t\t\t\tdata-src=\"https:\/\/spuerhundeschule.de\/blog\/wp-content\/gallery\/hundeerziehung\/haustieranzeiger-hund.jpg\"\n\t\t\t\tdata-thumbnail=\"https:\/\/spuerhundeschule.de\/blog\/wp-content\/gallery\/hundeerziehung\/thumbs\/thumbs_haustieranzeiger-hund.jpg\"\n\t\t\t\tdata-image-id=\"8\"\n\t\t\t\tdata-title=\"haustieranzeiger hund\"\n\t\t\t\tdata-description=\" \"\n\t\t\t\tdata-image-slug=\"haustieranzeiger-hund\"\n\t\t\t\tclass='thickbox' rel='834f975826b9dd7493ade67652752835'>\n\t\t\t\t<img\n\t\t\t\t\ttitle=\"haustieranzeiger hund\"\n\t\t\t\t\talt=\"haustieranzeiger hund\"\n\t\t\t\t\tsrc=\"https:\/\/spuerhundeschule.de\/blog\/wp-content\/gallery\/hundeerziehung\/thumbs\/thumbs_haustieranzeiger-hund.jpg\"\n\t\t\t\t\twidth=\"120\"\n\t\t\t\t\theight=\"90\"\n\t\t\t\t\tstyle=\"max-width:100%;\"\n\t\t\t\t\/>\n\t\t\t<\/a>\n\t\t<\/div>\n\t\t\t\t\t\t\t<\/div>\n\t\t\t\n\t\t\t\t<div id=\"ngg-image-4\" class=\"ngg-gallery-thumbnail-box\n\t\t\t\t\t\t\t\tngg-3-columns\t\t\t\"\n\t\t\t>\n\t\t\t\t\t\t<div class=\"ngg-gallery-thumbnail\">\n\t\t\t<a href=\"https:\/\/spuerhundeschule.de\/blog\/wp-content\/gallery\/hundeerziehung\/haustier-anzeiger_de.jpg\"\n\t\t\t\ttitle=\" \"\n\t\t\t\tdata-src=\"https:\/\/spuerhundeschule.de\/blog\/wp-content\/gallery\/hundeerziehung\/haustier-anzeiger_de.jpg\"\n\t\t\t\tdata-thumbnail=\"https:\/\/spuerhundeschule.de\/blog\/wp-content\/gallery\/hundeerziehung\/thumbs\/thumbs_haustier-anzeiger_de.jpg\"\n\t\t\t\tdata-image-id=\"9\"\n\t\t\t\tdata-title=\"haustier-anzeiger_de\"\n\t\t\t\tdata-description=\" \"\n\t\t\t\tdata-image-slug=\"haustier-anzeiger_de\"\n\t\t\t\tclass='thickbox' rel='834f975826b9dd7493ade67652752835'>\n\t\t\t\t<img\n\t\t\t\t\ttitle=\"haustier-anzeiger_de\"\n\t\t\t\t\talt=\"haustier-anzeiger_de\"\n\t\t\t\t\tsrc=\"https:\/\/spuerhundeschule.de\/blog\/wp-content\/gallery\/hundeerziehung\/thumbs\/thumbs_haustier-anzeiger_de.jpg\"\n\t\t\t\t\twidth=\"120\"\n\t\t\t\t\theight=\"90\"\n\t\t\t\t\tstyle=\"max-width:100%;\"\n\t\t\t\t\/>\n\t\t\t<\/a>\n\t\t<\/div>\n\t\t\t\t\t\t\t<\/div>\n\t\t\t\n\t\t\t\t<div id=\"ngg-image-5\" class=\"ngg-gallery-thumbnail-box\n\t\t\t\t\t\t\t\tngg-3-columns\t\t\t\"\n\t\t\t>\n\t\t\t\t\t\t<div class=\"ngg-gallery-thumbnail\">\n\t\t\t<a href=\"https:\/\/spuerhundeschule.de\/blog\/wp-content\/gallery\/hundeerziehung\/IMG_0164.JPG\"\n\t\t\t\ttitle=\" \"\n\t\t\t\tdata-src=\"https:\/\/spuerhundeschule.de\/blog\/wp-content\/gallery\/hundeerziehung\/IMG_0164.JPG\"\n\t\t\t\tdata-thumbnail=\"https:\/\/spuerhundeschule.de\/blog\/wp-content\/gallery\/hundeerziehung\/thumbs\/thumbs_IMG_0164.JPG\"\n\t\t\t\tdata-image-id=\"10\"\n\t\t\t\tdata-title=\"IMG_0164\"\n\t\t\t\tdata-description=\" \"\n\t\t\t\tdata-image-slug=\"img_0164\"\n\t\t\t\tclass='thickbox' rel='834f975826b9dd7493ade67652752835'>\n\t\t\t\t<img\n\t\t\t\t\ttitle=\"IMG_0164\"\n\t\t\t\t\talt=\"IMG_0164\"\n\t\t\t\t\tsrc=\"https:\/\/spuerhundeschule.de\/blog\/wp-content\/gallery\/hundeerziehung\/thumbs\/thumbs_IMG_0164.JPG\"\n\t\t\t\t\twidth=\"120\"\n\t\t\t\t\theight=\"90\"\n\t\t\t\t\tstyle=\"max-width:100%;\"\n\t\t\t\t\/>\n\t\t\t<\/a>\n\t\t<\/div>\n\t\t\t\t\t\t\t<\/div>\n\t\t\t\n\t\t\t\t<div id=\"ngg-image-6\" class=\"ngg-gallery-thumbnail-box\n\t\t\t\t\t\t\t\tngg-3-columns\t\t\t\"\n\t\t\t>\n\t\t\t\t\t\t<div class=\"ngg-gallery-thumbnail\">\n\t\t\t<a href=\"https:\/\/spuerhundeschule.de\/blog\/wp-content\/gallery\/hundeerziehung\/k9_einsatz_biotechnikum_20100221_2087003519.jpg\"\n\t\t\t\ttitle=\" \"\n\t\t\t\tdata-src=\"https:\/\/spuerhundeschule.de\/blog\/wp-content\/gallery\/hundeerziehung\/k9_einsatz_biotechnikum_20100221_2087003519.jpg\"\n\t\t\t\tdata-thumbnail=\"https:\/\/spuerhundeschule.de\/blog\/wp-content\/gallery\/hundeerziehung\/thumbs\/thumbs_k9_einsatz_biotechnikum_20100221_2087003519.jpg\"\n\t\t\t\tdata-image-id=\"11\"\n\t\t\t\tdata-title=\"k9_einsatz_biotechnikum_20100221_2087003519\"\n\t\t\t\tdata-description=\" \"\n\t\t\t\tdata-image-slug=\"k9_einsatz_biotechnikum_20100221_2087003519\"\n\t\t\t\tclass='thickbox' rel='834f975826b9dd7493ade67652752835'>\n\t\t\t\t<img\n\t\t\t\t\ttitle=\"k9_einsatz_biotechnikum_20100221_2087003519\"\n\t\t\t\t\talt=\"k9_einsatz_biotechnikum_20100221_2087003519\"\n\t\t\t\t\tsrc=\"https:\/\/spuerhundeschule.de\/blog\/wp-content\/gallery\/hundeerziehung\/thumbs\/thumbs_k9_einsatz_biotechnikum_20100221_2087003519.jpg\"\n\t\t\t\t\twidth=\"120\"\n\t\t\t\t\theight=\"90\"\n\t\t\t\t\tstyle=\"max-width:100%;\"\n\t\t\t\t\/>\n\t\t\t<\/a>\n\t\t<\/div>\n\t\t\t\t\t\t\t<\/div>\n\t\t\t\n\t\t\t\t<div id=\"ngg-image-7\" class=\"ngg-gallery-thumbnail-box\n\t\t\t\t\t\t\t\tngg-3-columns\t\t\t\"\n\t\t\t>\n\t\t\t\t\t\t<div class=\"ngg-gallery-thumbnail\">\n\t\t\t<a href=\"https:\/\/spuerhundeschule.de\/blog\/wp-content\/gallery\/hundeerziehung\/Slide34.JPG\"\n\t\t\t\ttitle=\" \"\n\t\t\t\tdata-src=\"https:\/\/spuerhundeschule.de\/blog\/wp-content\/gallery\/hundeerziehung\/Slide34.JPG\"\n\t\t\t\tdata-thumbnail=\"https:\/\/spuerhundeschule.de\/blog\/wp-content\/gallery\/hundeerziehung\/thumbs\/thumbs_Slide34.JPG\"\n\t\t\t\tdata-image-id=\"12\"\n\t\t\t\tdata-title=\"Slide34\"\n\t\t\t\tdata-description=\" \"\n\t\t\t\tdata-image-slug=\"slide34\"\n\t\t\t\tclass='thickbox' rel='834f975826b9dd7493ade67652752835'>\n\t\t\t\t<img\n\t\t\t\t\ttitle=\"Slide34\"\n\t\t\t\t\talt=\"Slide34\"\n\t\t\t\t\tsrc=\"https:\/\/spuerhundeschule.de\/blog\/wp-content\/gallery\/hundeerziehung\/thumbs\/thumbs_Slide34.JPG\"\n\t\t\t\t\twidth=\"120\"\n\t\t\t\t\theight=\"90\"\n\t\t\t\t\tstyle=\"max-width:100%;\"\n\t\t\t\t\/>\n\t\t\t<\/a>\n\t\t<\/div>\n\t\t\t\t\t\t\t<\/div>\n\t\t\t\n\t\n\t<br style=\"clear: both\" \/>\n\n\t\t<div class=\"slideshowlink\">\n\t\t<a href='https:\/\/spuerhundeschule.de\/blog\/hundeerziehung\/nggallery\/slideshow'>[Show slideshow]<\/a>\n\n\t<\/div>\n\t\n\t\t<!-- Pagination -->\n\t\t<div class='ngg-clear'><\/div>\t<\/div>\n<\/p>\n<p>&nbsp;<\/p>\n ","protected":false},"excerpt":{"rendered":"<p>Zwischen Wunsch und Wirklichkeit der Hundeerziehung wer schon einmal auf einem Seminar gewesen ist, bei dem es z.B. um die Erziehung und die Beziehung zum eigenen Hund ging,&nbsp; der wei\u00df einiges dar\u00fcber zu berichten.&#46;&#46;&#46;<\/p>\n","protected":false},"author":3,"featured_media":0,"parent":0,"menu_order":0,"comment_status":"open","ping_status":"open","template":"","meta":{"ngg_post_thumbnail":0,"footnotes":""},"class_list":["post-674","page","type-page","status-publish","hentry"],"yoast_head":"<!-- This site is optimized with the Yoast SEO plugin v26.9 - https:\/\/yoast.com\/product\/yoast-seo-wordpress\/ -->\n<title>Hundeerziehung - Sp\u00fcrhundeschule Blog<\/title>\n<meta name=\"robots\" content=\"index, follow, max-snippet:-1, max-image-preview:large, max-video-preview:-1\" \/>\n<link rel=\"canonical\" href=\"https:\/\/spuerhundeschule.de\/blog\/hundeerziehung\/\" \/>\n<meta name=\"twitter:label1\" content=\"Gesch\u00e4tzte Lesezeit\" \/>\n\t<meta name=\"twitter:data1\" content=\"3\u00a0Minuten\" \/>\n<script type=\"application\/ld+json\" class=\"yoast-schema-graph\">{\"@context\":\"https:\/\/schema.org\",\"@graph\":[{\"@type\":\"WebPage\",\"@id\":\"https:\/\/spuerhundeschule.de\/blog\/hundeerziehung\/\",\"url\":\"https:\/\/spuerhundeschule.de\/blog\/hundeerziehung\/\",\"name\":\"Hundeerziehung - Sp\u00fcrhundeschule Blog\",\"isPartOf\":{\"@id\":\"https:\/\/spuerhundeschule.de\/blog\/#website\"},\"primaryImageOfPage\":{\"@id\":\"https:\/\/spuerhundeschule.de\/blog\/hundeerziehung\/#primaryimage\"},\"image\":{\"@id\":\"https:\/\/spuerhundeschule.de\/blog\/hundeerziehung\/#primaryimage\"},\"thumbnailUrl\":\"http:\/\/www.spuerhundeschule.de\/blog\/nextgen-attach_to_post\/preview\/id--732\",\"datePublished\":\"2015-01-04T16:44:51+00:00\",\"dateModified\":\"2017-04-27T16:35:15+00:00\",\"breadcrumb\":{\"@id\":\"https:\/\/spuerhundeschule.de\/blog\/hundeerziehung\/#breadcrumb\"},\"inLanguage\":\"de\",\"potentialAction\":[{\"@type\":\"ReadAction\",\"target\":[\"https:\/\/spuerhundeschule.de\/blog\/hundeerziehung\/\"]}]},{\"@type\":\"ImageObject\",\"inLanguage\":\"de\",\"@id\":\"https:\/\/spuerhundeschule.de\/blog\/hundeerziehung\/#primaryimage\",\"url\":\"http:\/\/www.spuerhundeschule.de\/blog\/nextgen-attach_to_post\/preview\/id--732\",\"contentUrl\":\"http:\/\/www.spuerhundeschule.de\/blog\/nextgen-attach_to_post\/preview\/id--732\"},{\"@type\":\"BreadcrumbList\",\"@id\":\"https:\/\/spuerhundeschule.de\/blog\/hundeerziehung\/#breadcrumb\",\"itemListElement\":[{\"@type\":\"ListItem\",\"position\":1,\"name\":\"Home\",\"item\":\"https:\/\/spuerhundeschule.de\/blog\/\"},{\"@type\":\"ListItem\",\"position\":2,\"name\":\"Hundeerziehung\"}]},{\"@type\":\"WebSite\",\"@id\":\"https:\/\/spuerhundeschule.de\/blog\/#website\",\"url\":\"https:\/\/spuerhundeschule.de\/blog\/\",\"name\":\"Sp\u00fcrhundeschule Blog\",\"description\":\"\",\"publisher\":{\"@id\":\"https:\/\/spuerhundeschule.de\/blog\/#organization\"},\"potentialAction\":[{\"@type\":\"SearchAction\",\"target\":{\"@type\":\"EntryPoint\",\"urlTemplate\":\"https:\/\/spuerhundeschule.de\/blog\/?s={search_term_string}\"},\"query-input\":{\"@type\":\"PropertyValueSpecification\",\"valueRequired\":true,\"valueName\":\"search_term_string\"}}],\"inLanguage\":\"de\"},{\"@type\":\"Organization\",\"@id\":\"https:\/\/spuerhundeschule.de\/blog\/#organization\",\"name\":\"K9 Detection Dog School Germany GmbH\",\"url\":\"https:\/\/spuerhundeschule.de\/blog\/\",\"logo\":{\"@type\":\"ImageObject\",\"inLanguage\":\"de\",\"@id\":\"https:\/\/spuerhundeschule.de\/blog\/#\/schema\/logo\/image\/\",\"url\":\"https:\/\/spuerhundeschule.de\/blog\/wp-content\/uploads\/2021\/01\/logo-spuerhundeschule.jpg\",\"contentUrl\":\"https:\/\/spuerhundeschule.de\/blog\/wp-content\/uploads\/2021\/01\/logo-spuerhundeschule.jpg\",\"width\":148,\"height\":150,\"caption\":\"K9 Detection Dog School Germany GmbH\"},\"image\":{\"@id\":\"https:\/\/spuerhundeschule.de\/blog\/#\/schema\/logo\/image\/\"}}]}<\/script>\n<!-- \/ Yoast SEO plugin. -->","yoast_head_json":{"title":"Hundeerziehung - Sp\u00fcrhundeschule Blog","robots":{"index":"index","follow":"follow","max-snippet":"max-snippet:-1","max-image-preview":"max-image-preview:large","max-video-preview":"max-video-preview:-1"},"canonical":"https:\/\/spuerhundeschule.de\/blog\/hundeerziehung\/","twitter_misc":{"Gesch\u00e4tzte Lesezeit":"3\u00a0Minuten"},"schema":{"@context":"https:\/\/schema.org","@graph":[{"@type":"WebPage","@id":"https:\/\/spuerhundeschule.de\/blog\/hundeerziehung\/","url":"https:\/\/spuerhundeschule.de\/blog\/hundeerziehung\/","name":"Hundeerziehung - Sp\u00fcrhundeschule Blog","isPartOf":{"@id":"https:\/\/spuerhundeschule.de\/blog\/#website"},"primaryImageOfPage":{"@id":"https:\/\/spuerhundeschule.de\/blog\/hundeerziehung\/#primaryimage"},"image":{"@id":"https:\/\/spuerhundeschule.de\/blog\/hundeerziehung\/#primaryimage"},"thumbnailUrl":"http:\/\/www.spuerhundeschule.de\/blog\/nextgen-attach_to_post\/preview\/id--732","datePublished":"2015-01-04T16:44:51+00:00","dateModified":"2017-04-27T16:35:15+00:00","breadcrumb":{"@id":"https:\/\/spuerhundeschule.de\/blog\/hundeerziehung\/#breadcrumb"},"inLanguage":"de","potentialAction":[{"@type":"ReadAction","target":["https:\/\/spuerhundeschule.de\/blog\/hundeerziehung\/"]}]},{"@type":"ImageObject","inLanguage":"de","@id":"https:\/\/spuerhundeschule.de\/blog\/hundeerziehung\/#primaryimage","url":"http:\/\/www.spuerhundeschule.de\/blog\/nextgen-attach_to_post\/preview\/id--732","contentUrl":"http:\/\/www.spuerhundeschule.de\/blog\/nextgen-attach_to_post\/preview\/id--732"},{"@type":"BreadcrumbList","@id":"https:\/\/spuerhundeschule.de\/blog\/hundeerziehung\/#breadcrumb","itemListElement":[{"@type":"ListItem","position":1,"name":"Home","item":"https:\/\/spuerhundeschule.de\/blog\/"},{"@type":"ListItem","position":2,"name":"Hundeerziehung"}]},{"@type":"WebSite","@id":"https:\/\/spuerhundeschule.de\/blog\/#website","url":"https:\/\/spuerhundeschule.de\/blog\/","name":"Sp\u00fcrhundeschule Blog","description":"","publisher":{"@id":"https:\/\/spuerhundeschule.de\/blog\/#organization"},"potentialAction":[{"@type":"SearchAction","target":{"@type":"EntryPoint","urlTemplate":"https:\/\/spuerhundeschule.de\/blog\/?s={search_term_string}"},"query-input":{"@type":"PropertyValueSpecification","valueRequired":true,"valueName":"search_term_string"}}],"inLanguage":"de"},{"@type":"Organization","@id":"https:\/\/spuerhundeschule.de\/blog\/#organization","name":"K9 Detection Dog School Germany GmbH","url":"https:\/\/spuerhundeschule.de\/blog\/","logo":{"@type":"ImageObject","inLanguage":"de","@id":"https:\/\/spuerhundeschule.de\/blog\/#\/schema\/logo\/image\/","url":"https:\/\/spuerhundeschule.de\/blog\/wp-content\/uploads\/2021\/01\/logo-spuerhundeschule.jpg","contentUrl":"https:\/\/spuerhundeschule.de\/blog\/wp-content\/uploads\/2021\/01\/logo-spuerhundeschule.jpg","width":148,"height":150,"caption":"K9 Detection Dog School Germany GmbH"},"image":{"@id":"https:\/\/spuerhundeschule.de\/blog\/#\/schema\/logo\/image\/"}}]}},"_links":{"self":[{"href":"https:\/\/spuerhundeschule.de\/blog\/wp-json\/wp\/v2\/pages\/674","targetHints":{"allow":["GET"]}}],"collection":[{"href":"https:\/\/spuerhundeschule.de\/blog\/wp-json\/wp\/v2\/pages"}],"about":[{"href":"https:\/\/spuerhundeschule.de\/blog\/wp-json\/wp\/v2\/types\/page"}],"author":[{"embeddable":true,"href":"https:\/\/spuerhundeschule.de\/blog\/wp-json\/wp\/v2\/users\/3"}],"replies":[{"embeddable":true,"href":"https:\/\/spuerhundeschule.de\/blog\/wp-json\/wp\/v2\/comments?post=674"}],"version-history":[{"count":0,"href":"https:\/\/spuerhundeschule.de\/blog\/wp-json\/wp\/v2\/pages\/674\/revisions"}],"wp:attachment":[{"href":"https:\/\/spuerhundeschule.de\/blog\/wp-json\/wp\/v2\/media?parent=674"}],"curies":[{"name":"wp","href":"https:\/\/api.w.org\/{rel}","templated":true}]}}